{"id":1586,"date":"2021-03-27T14:47:54","date_gmt":"2021-03-27T17:47:54","guid":{"rendered":"https:\/\/teresaberlinck.com.br\/?page_id=1586"},"modified":"2026-04-07T17:58:50","modified_gmt":"2026-04-07T20:58:50","slug":"curriculo","status":"publish","type":"page","link":"https:\/\/teresaberlinck.com.br\/en\/curriculo\/","title":{"rendered":"About"},"content":{"rendered":"<p>&nbsp;<\/p>\n\n\n\n<p>Teresa Berlinck. Artista visual, trabalha com sistemas de refer\u00eancia, desordenando narrativas e construindo associa\u00e7\u00f5es entre mem\u00f3ria e hist\u00f3ria. Trabalha com desenho, pintura, instala\u00e7\u00e3o, livro de artista, t\u00eaxteis e performance, entre outras m\u00eddias.<\/p>\n\n\n\n<p>Mestrado em Produ\u00e7\u00e3o, Teoria e Cr\u00edtica em Artes Visuais FASM Faculdade Santa Marcelina, S\u00e3o Paulo (2006). Gradua\u00e7\u00e3o bacharel em Artes Pl\u00e1sticas FAAP Funda\u00e7\u00e3o Armando \u00c1lvares Penteado, S\u00e3o Paulo (1999); Participa de exposi\u00e7\u00f5es em galerias, museus e institui\u00e7\u00f5es culturais, desde 1982.<\/p>\n\n\n\n<p>Obras em cole\u00e7\u00f5es p\u00fablicas:&nbsp;<\/p>\n\n\n\n<p>Pinacoteca do Estado de S\u00e3o Paulo; Cole\u00e7\u00e3o de Arte da Cidade \u2013 CCSP; Museu da Diversidade Sexual, SP;&nbsp;MACS Museu de Arte Contempor\u00e2nea de Sorocaba; MARP Museu de Arte de Ribeir\u00e3o Preto; MACCE Museu de Arte Contempor\u00e2nea do Cear\u00e1; SIM Sistema Integrado de Museus do Estado do Par\u00e1; MAC Museu de Arte Contempor\u00e2nea de Americana, SP.<\/p>\n\n\n\n<p>Trabalhos em ilustra\u00e7\u00e3o incluem colabora\u00e7\u00f5es para livros de Ruth Rocha, Ed \u00c1tica,&nbsp; Abril Educa\u00e7\u00e3o e para peri\u00f3dicos como Revista da Folha e Jornal Folha Educa\u00e7\u00e3o.&nbsp;<\/p>\n\n\n\n<p>Ministra cursos e oficinas de arte desde 1999 em seu ateli\u00ea, escolas e institui\u00e7\u00f5es culturais como Sesc SP; MAM SP Museu de Arte de S\u00e3o Paulo; CCSP Centro Cultural S\u00e3o Paulo; Oficina Cultural Oswald de Andrade; Adelina Instituto entre outros.<br><\/p>\n\n\n\n<div style=\"height:10px\" aria-hidden=\"true\" class=\"wp-block-spacer\"><\/div>\n\n\n\n<p class=\"has-normal-font-size\"><strong>Curriculum<\/strong><\/p>\n\n\n\n<p>Teresa Gomes de Sousa Berlinck, S\u00e3o Paulo, SP, 1962<\/p>\n\n\n\n<p><strong>Forma\u00e7\u00e3o<\/strong><\/p>\n\n\n\n<p>2006<\/p>\n\n\n\n<p>Mestrado em Produ\u00e7\u00e3o, Teoria e Cr\u00edtica em Artes Visuais,&nbsp;Bolsista CAPES PROSUP.&nbsp;FASM Faculdade Santa Marcelina, S\u00e3o Paulo, SP<\/p>\n\n\n\n<p>1999<\/p>\n\n\n\n<p>Educa\u00e7\u00e3o Art\u00edstica \u2013 Habilita\u00e7\u00e3o em Artes Pl\u00e1sticas&nbsp;FAAP &#8211; Funda\u00e7\u00e3o Armando \u00c1lvares Penteado, S\u00e3o Paulo, SP<\/p>\n\n\n\n<p><strong><br>Exposi\u00e7\u00f5es Individuais e Projetos Especiais<\/strong><\/p>\n\n\n\n<p>2025<\/p>\n\n\n\n<p>Ec\u00f3tono. Teresa Berlinck, Mariza Guimar\u00e3es, Clarice Borian. Curadoria Teresa Berlinck. Espa\u00e7o BaFu, S\u00e3o Paulo, SP<\/p>\n\n\n\n<p>2019<\/p>\n\n\n\n<p>Vernacular. Espa\u00e7o Breu, S\u00e3o Paulo, SP<\/p>\n\n\n\n<p>2018<\/p>\n\n\n\n<p>PAI dos BURROS &#8211; Teresa Berlinck e Julio de Paula. Curadoria Maria Catarina Duncan. Sesc S\u00e3o Jos\u00e9 do Rio Preto, SP<\/p>\n\n\n\n<p>2016<\/p>\n\n\n\n<p>PAI dos BURROS &#8211; Teresa Berlinck e Julio de Paula. Curadoria Maria Catarina Duncan. Oficina Cultural Oswald de Andrade, S\u00e3o Paulo, SP<\/p>\n\n\n\n<p>2015<\/p>\n\n\n\n<p>Biblioteca ilustrada, S\u00e1bado e domingo. Galeria d.Concept, S\u00e3o Paulo, SP<\/p>\n\n\n\n<p>2012<\/p>\n\n\n\n<p>Livro Aberto. Galeria Cole\u00e7\u00e3o de Arte, Rio de Janeiro, RJ<\/p>\n\n\n\n<p>2011<\/p>\n\n\n\n<p>Feliz Com as Minhas Orelhas (Edi\u00e7\u00e3o). Desenhos de Teresa Berlinck a partir de poema de Fabr\u00edcio Corsaletti<\/p>\n\n\n\n<p>2010<\/p>\n\n\n\n<p>Quase Pausa. Instala\u00e7\u00e3o. Resid\u00eancia art\u00edstica Espa\u00e7o Enquanto, S\u00e3o Paulo, SP<\/p>\n\n\n\n<p>2009<\/p>\n\n\n\n<p>Hortus Conclusus. Instala\u00e7\u00e3o. Setembro &#8211; Dezembro 2009, Galeria Vermelho, S\u00e3o Paulo, SP<\/p>\n\n\n\n<p>2007<\/p>\n\n\n\n<p>Rolando Escada Abaixo. Projeto Parede, Museu de Arte de Ribeir\u00e3o Preto, Ribeir\u00e3o Preto, SP<\/p>\n\n\n\n<p>Mem\u00f3rias, Sonhos e Segredos. Virada Cultural Paulista, Bauru, SP<\/p>\n\n\n\n<p>Cozinha Cultural. VERBO 2007, Galeria Vermelho, S\u00e3o Paulo, SP<\/p>\n\n\n\n<p>2006<\/p>\n\n\n\n<p>Ins\u00f4nia. Performance em colabora\u00e7\u00e3o com Thelma Bonavitta. VERBO 2006, Galeria Vermelho, S\u00e3o Paulo, SP<\/p>\n\n\n\n<p>Palma Mater. Fachada, Galeria Vermelho, S\u00e3o Paulo, SP<\/p>\n\n\n\n<p>Segredos (com C\u00e9lia Cymbalista). Projeto <em>Cer\u00e2mica, Fazer de Hoje Fazer de Sempre<\/em>. Centro Cultural Jabaquara, S\u00edtio da Ressaca, S\u00e3o Paulo, SP<\/p>\n\n\n\n<p>Desenhos do Sono x Segredos. MABE Museu de Arte de Bel\u00e9m, Bel\u00e9m, PA<\/p>\n\n\n\n<p>2001<\/p>\n\n\n\n<p>Teresa Berlinck. Galeria Millan, S\u00e3o Paulo, SP<\/p>\n\n\n\n<p>Desenho e gravura. Galeria Augusto Fidanza, Museu de Arte Sacra, Bel\u00e9m, PA<\/p>\n\n\n\n<p>1998<\/p>\n\n\n\n<p>21 Budas. Galeria Millan, S\u00e3o Paulo, SP<\/p>\n\n\n\n<p>1995<\/p>\n\n\n\n<p>Pintura. Museu Guido Viaro, Curitiba, PR<\/p>\n\n\n\n<p>Colagem. Galeria do Instituto de Artes da Unicamp, Campinas, SP e&nbsp;Galeria Alian\u00e7a Francesa, S\u00e3o Paulo, SP<\/p>\n\n\n\n<p>1990<\/p>\n\n\n\n<p>Painel 11X1. Passagem Consola\u00e7\u00e3o, S\u00e3o Paulo, SP<\/p>\n\n\n\n<p><strong><br>Exposi\u00e7\u00f5es Coletivas<\/strong><\/p>\n\n\n\n<p>2026<br>Casa da Sogra. Proposi\u00e7\u00e3o Cynthia Loeb. Curadoria Renato De Cara. Galeria Gare, S\u00e3o Paulo, SP<\/p>\n\n\n\n<p>2025<br>Au\u00ea de Parede, 55 anos do Pa\u00e7o das Artes. Curadoria Renato De Cara. Pa\u00e7o das Artes, S\u00e3o Paulo, SP<\/p>\n\n\n\n<p>2023<br>Cora\u00e7\u00f5es \u00e0 Desmedida. Solar dos Abacaxis, Rio de Janeiro, RJ<\/p>\n\n\n\n<p>Aquisi\u00e7\u00f5es Recentes &#8211; Cole\u00e7\u00e3o de Arte da Cidade. Curadoria Maria Adelaide Pontes. Centro Cultural S\u00e3o Paulo, S\u00e3o Paulo, SP<\/p>\n\n\n\n<p>2017<\/p>\n\n\n\n<p>Solid\u00e3o &#8211; Curadoria Edu Besen e Duilio Ferronato. Museu da Diversidade Sexual, S\u00e3o Paulo, SP<\/p>\n\n\n\n<p>Portf\u00f3lio #1, +Mais Galeria, S\u00e3o Paulo, SP<\/p>\n\n\n\n<p>2015<\/p>\n\n\n\n<p>A Inf\u00e2ncia da Arte &#8211; Curadoria Samuel de Jesus. Galeria de Arte da FAV \/ Faculdade de Artes Visuais UFG \/ Universidade Federal de Goi\u00e1s, GO<\/p>\n\n\n\n<p>2013<\/p>\n\n\n\n<p>MACS Um Acervo em Forma\u00e7\u00e3o. Curadoria Fabio Magalh\u00e3es. MACS Museu de Arte Contempor\u00e2nea de Sorocaba. Sorocaba, SP<\/p>\n\n\n\n<p>18 Videobrasil \u2013 Panoramas do Sul. SESC Pomp\u00e9ia. S\u00e3o Paulo, SP<\/p>\n\n\n\n<p>Poss\u00edveis Mirantes. Curadoria Bitu Cassund\u00e9. MACCE Centro Drag\u00e3o do Mar de Arte e Cultura, Fortaleza, CE<\/p>\n\n\n\n<p>2011<\/p>\n\n\n\n<p>Parahaus. Curadoria Jurandy Valen\u00e7a. S\u00e3o Paulo, SP<\/p>\n\n\n\n<p>Desvenda SPA Recife. Museu Murillo&nbsp;La Greca, Recife, PE<\/p>\n\n\n\n<p>Blue Connection. Espa\u00e7o L\u00edbero Badar\u00f3, S\u00e3o Paulo e MACS Museu de Arte Contempor\u00e2nea de Sorocaba, Sorocaba, SP<\/p>\n\n\n\n<p>SP Estampa. Galeria Gravura Brasileira, S\u00e3o Paulo, SP<\/p>\n\n\n\n<p>2010<\/p>\n\n\n\n<p>Surpraise! Ateli\u00ea 397, S\u00e3o Paulo, SP<\/p>\n\n\n\n<p>2009<\/p>\n\n\n\n<p>10 Anos da Gravura Brasileira. Galeria Gravura Brasileira, S\u00e3o Paulo, SP<\/p>\n\n\n\n<p>2008<\/p>\n\n\n\n<p>Permanente Transit\u00f3rio. SESC Santos, SP<\/p>\n\n\n\n<p><em>Dias<\/em> e <em>Rolando Escada Abaixo<\/em>. Espa\u00e7o Tijuana, Galeria Vermelho, S\u00e3o Paulo, SP<\/p>\n\n\n\n<p>2007<\/p>\n\n\n\n<p>MARP 15 anos. Museu de Arte de Ribeir\u00e3o Preto, Ribeir\u00e3o Preto, SP<\/p>\n\n\n\n<p>TR\u00c2NSITO Bola de Fogo. Mostra SESC de Artes Circula\u00e7\u00f5es.&nbsp;SESC Vila Mariana, S\u00e3o Paulo, SP<\/p>\n\n\n\n<p>Heran\u00e7a. Projeto Amplificadores. Museu Murillo La Greca, Recife, PE<\/p>\n\n\n\n<p>2006<\/p>\n\n\n\n<p>Gravura Contempor\u00e2nea Brasileira. Curadoria Ricardo Rezende. Mostra da II Bienal Internacional Cear\u00e1 de Gravura. Museu de Arte Contempor\u00e3nea. Instituto de Arte e Cultura do Cear\u00e1 &#8211; Centro Drag\u00e3o do Mar de Arte e Cultura, Fortaleza, CE<\/p>\n\n\n\n<p>Cer\u00e2mica, Fazer de Hoje Fazer de Sempre. Curadoria C\u00e9lia Cymbalista. Centro Cultural Jabaquara,&nbsp;S\u00edtio da Ressaca, S\u00e3o Paulo, SP<\/p>\n\n\n\n<p>Projeto Pari: 30 artistas na biblioteca. Biblioteca Adelpha Figueiredo, Pari, S\u00e3o Paulo, SP<\/p>\n\n\n\n<p>Doa\u00e7\u00f5es Recentes II. Curadoria Ricardo Rezende. MACCE Museu de Arte Contempor\u00e3nea do Cear\u00e1, Centro Drag\u00e3o do Mar de Arte e Cultura, Fortaleza, CE<\/p>\n\n\n\n<p>Bola de Fogo Adesiva. Casa da Cultura, Ribeir\u00e3o Preto, SP<\/p>\n\n\n\n<p>The Illustrator 1.0. Curadoria Maria Montero. House of Erika Palomino, S\u00e3o Paulo, SP<\/p>\n\n\n\n<p>Bola de Fogo Gravura. IAC UFPE Instituto de Arte Contempor\u00e3nea da Universidade Federal de Pernambuco. Recife, PE<\/p>\n\n\n\n<p>Bola de Fogo Gravura. Museu da Gravura, Solar do Bar\u00e3o. Funda\u00e7\u00e3o Cultural de Curitiba, Curitiba, PR<\/p>\n\n\n\n<p>2005<\/p>\n\n\n\n<p>SPA Semana de Artes Visuais do Recife 2005. Dumaresq Galeria de Arte, Recife, PE<\/p>\n\n\n\n<p>Estrela do Pari Futebol Clube. S\u00e3o Paulo, SP<\/p>\n\n\n\n<p>Bola de Fogo no MAC Americana. Museu de Arte Contempor\u00e3nea de Americana, Americana, SP<\/p>\n\n\n\n<p>2004<\/p>\n\n\n\n<p>Bola de Fogo na Galeria SESC Avenida Paulista. S\u00e3o Paulo, SP<\/p>\n\n\n\n<p>16\u00ba Sal\u00e3o de Artes Pl\u00e1sticas de Praia Grande. Praia Grande, SP<\/p>\n\n\n\n<p>2003<\/p>\n\n\n\n<p>M\u00e9xico Imagin\u00e1rio. Curadoria Jos\u00e9 Roberto Aguilar. Casa das Rosas. S\u00e3o Paulo, SP<\/p>\n\n\n\n<p>\u00d3pera Aberta. Curadoria Jos\u00e9 Roberto Aguilar.&nbsp;Casa das Rosas. S\u00e3o Paulo, SP<\/p>\n\n\n\n<p>1999<\/p>\n\n\n\n<p>Transcend\u00eancia. Curadoria Jos\u00e9 Roberto Aguilar.&nbsp;Casa das Rosas. S\u00e3o Paulo, SP<\/p>\n\n\n\n<p>1997<\/p>\n\n\n\n<p>Anual de Artes FAAP. Funda\u00e7\u00e3o Armando \u00c1lvares Penteado, S\u00e3o Paulo, SP<\/p>\n\n\n\n<p>1996<\/p>\n\n\n\n<p>Anual de Artes FAAP. Funda\u00e7\u00e3o Armando \u00c1lvares Penteado, S\u00e3o Paulo, SP<\/p>\n\n\n\n<p>1994<\/p>\n\n\n\n<p>Novos Noventa. Curadoria Jos\u00e9 Roberto Aguilar e Lauro Cavalcanti. Pa\u00e7o Imperial, Rio de Janeiro RJ<\/p>\n\n\n\n<p>1991<\/p>\n\n\n\n<p>Circuito Ateli\u00ea Aberto. Evento Especial da XX Bienal Internacional de S\u00e3o Paulo, S\u00e3o Paulo, SP<\/p>\n\n\n\n<p>1986<\/p>\n\n\n\n<p>9\u00ba Sal\u00e3o Nacional de Artes Pl\u00e1sticas FUNARTE. Mostra Sudeste, Pal\u00e1cio das Artes, Belo Horizonte, MG<\/p>\n\n\n\n<p>1985<\/p>\n\n\n\n<p>SP3 V\u00eanus. Go, Teresa Berlinck e Jac Leirne. Curadoria Jos\u00e9 Roberto Aguilar. Petite Galerie, Rio de Janeiro, RJ<\/p>\n\n\n\n<p><strong><br>Pr\u00eamios Bolsas de Estudos<\/strong><\/p>\n\n\n\n<p>2004\/6<\/p>\n\n\n\n<p>Bolsa Mestrado. PROSUP CAPES, Faculdade Santa Marcelina, S\u00e3o Paulo, SP<\/p>\n\n\n\n<p>1996<\/p>\n\n\n\n<p>Pr\u00eamio Anual de Artes FAAP. Bolsa de Estudos. FAAP Funda\u00e7\u00e3o Armando Alvares Penteado, S\u00e3o Paulo<\/p>\n\n\n\n<p><strong><br>Obras em cole\u00e7\u00f5es p\u00fablicas<\/strong><\/p>\n\n\n\n<p>MAC USP Museu de Arte Contempor\u00e2nea da Universidade de S\u00e3o Paulo; Pinacoteca do Estado de S\u00e3o Paulo; MACS Museu de Arte Contempor\u00e2nea de Sorocaba; MARP Museu de Arte de Ribeir\u00e3o Preto; MACCE Museu de Arte Contempor\u00e2nea do Cear\u00e1; SIM Sistema Integrado de Museus do Estado do Par\u00e1; MAC Museu de Arte Contempor\u00e2nea de Americana, SP<\/p>\n\n\n\n<p><strong><br>Resid\u00eancias<\/strong><\/p>\n\n\n\n<p>2014<\/p>\n\n\n\n<p>Piv\u00f4 Pesquisa &#8211; julho-novembro &#8211; Projeto PAI dos BURROS com Julio de Paula. Piv\u00f4, S\u00e3o Paulo, SP<\/p>\n\n\n\n<p><br>2010<\/p>\n\n\n\n<p>Espa\u00e7o Enquanto &#8211; janeiro-abril &#8211; Projeto Quase Pausa, S\u00e3o Paulo, SP<\/p>\n\n\n\n<div class=\"wp-block-file\"><a id=\"wp-block-file--media-51fda75d-b433-4f55-98f6-1eb02d5e29ee\" href=\"https:\/\/teresaberlinck.com.br\/wp-content\/uploads\/2023\/03\/CV-detalhado-marc\u0327o-2023.pdf\">CV detalhado marc\u0327o 2023<\/a><a href=\"https:\/\/teresaberlinck.com.br\/wp-content\/uploads\/2023\/03\/CV-detalhado-marc\u0327o-2023.pdf\" class=\"wp-block-file__button wp-element-button\" download aria-describedby=\"wp-block-file--media-51fda75d-b433-4f55-98f6-1eb02d5e29ee\">Baixar<\/a><\/div>","protected":false},"excerpt":{"rendered":"<p>&nbsp; Teresa Berlinck. Artista visual, trabalha com sistemas de refer\u00eancia, desordenando narrativas e construindo associa\u00e7\u00f5es entre mem\u00f3ria e hist\u00f3ria. Trabalha com desenho, pintura, instala\u00e7\u00e3o, livro de artista, t\u00eaxteis e performance, entre outras m\u00eddias. Mestrado em Produ\u00e7\u00e3o, Teoria e Cr\u00edtica em Artes Visuais FASM Faculdade Santa Marcelina, S\u00e3o Paulo (2006). Gradua\u00e7\u00e3o bacharel em Artes Pl\u00e1sticas FAAP [&hellip;]<\/p>","protected":false},"author":1,"featured_media":0,"parent":0,"menu_order":0,"comment_status":"closed","ping_status":"closed","template":"","meta":{"inline_featured_image":false,"footnotes":""},"class_list":["post-1586","page","type-page","status-publish","hentry"],"yoast_head":"<!-- This site is optimized with the Yoast SEO plugin v26.9 - https:\/\/yoast.com\/product\/yoast-seo-wordpress\/ -->\n<title>Sobre - Teresa Berlinck<\/title>\n<meta name=\"description\" content=\"Artista Visual Brasil \/ Artista Pl\u00e1stica Brasil \/ Arte contempor\u00e2nea Brasil \/ Visual Art Brazil \/ Contemporary Art Brazil\" \/>\n<meta name=\"robots\" content=\"index, follow, max-snippet:-1, max-image-preview:large, max-video-preview:-1\" \/>\n<link rel=\"canonical\" href=\"https:\/\/teresaberlinck.com.br\/en\/curriculo\/\" \/>\n<meta property=\"og:locale\" content=\"en_US\" \/>\n<meta property=\"og:type\" content=\"article\" \/>\n<meta property=\"og:title\" content=\"Sobre - Teresa Berlinck\" \/>\n<meta property=\"og:description\" content=\"Artista Visual Brasil \/ Artista Pl\u00e1stica Brasil \/ Arte contempor\u00e2nea Brasil \/ Visual Art Brazil \/ Contemporary Art Brazil\" \/>\n<meta property=\"og:url\" content=\"https:\/\/teresaberlinck.com.br\/en\/curriculo\/\" \/>\n<meta property=\"og:site_name\" content=\"Teresa Berlinck\" \/>\n<meta property=\"article:modified_time\" content=\"2026-04-07T20:58:50+00:00\" \/>\n<meta name=\"twitter:card\" content=\"summary_large_image\" \/>\n<meta name=\"twitter:label1\" content=\"Est. reading time\" \/>\n\t<meta name=\"twitter:data1\" content=\"7 minutes\" \/>\n<script type=\"application\/ld+json\" class=\"yoast-schema-graph\">{\"@context\":\"https:\/\/schema.org\",\"@graph\":[{\"@type\":\"WebPage\",\"@id\":\"https:\/\/teresaberlinck.com.br\/curriculo\/\",\"url\":\"https:\/\/teresaberlinck.com.br\/curriculo\/\",\"name\":\"Sobre - Teresa Berlinck\",\"isPartOf\":{\"@id\":\"https:\/\/teresaberlinck.com.br\/#website\"},\"datePublished\":\"2021-03-27T17:47:54+00:00\",\"dateModified\":\"2026-04-07T20:58:50+00:00\",\"description\":\"Artista Visual Brasil \/ Artista Pl\u00e1stica Brasil \/ Arte contempor\u00e2nea Brasil \/ Visual Art Brazil \/ Contemporary Art Brazil\",\"breadcrumb\":{\"@id\":\"https:\/\/teresaberlinck.com.br\/curriculo\/#breadcrumb\"},\"inLanguage\":\"en-US\",\"potentialAction\":[{\"@type\":\"ReadAction\",\"target\":[\"https:\/\/teresaberlinck.com.br\/curriculo\/\"]}]},{\"@type\":\"BreadcrumbList\",\"@id\":\"https:\/\/teresaberlinck.com.br\/curriculo\/#breadcrumb\",\"itemListElement\":[{\"@type\":\"ListItem\",\"position\":1,\"name\":\"In\u00edcio\",\"item\":\"https:\/\/teresaberlinck.com.br\/\"},{\"@type\":\"ListItem\",\"position\":2,\"name\":\"Sobre\"}]},{\"@type\":\"WebSite\",\"@id\":\"https:\/\/teresaberlinck.com.br\/#website\",\"url\":\"https:\/\/teresaberlinck.com.br\/\",\"name\":\"Teresa Berlinck\",\"description\":\"Artista Pl\u00e1stica\",\"publisher\":{\"@id\":\"https:\/\/teresaberlinck.com.br\/#\/schema\/person\/c0d93e04b3410f3fdbc5df1fdb84092c\"},\"potentialAction\":[{\"@type\":\"SearchAction\",\"target\":{\"@type\":\"EntryPoint\",\"urlTemplate\":\"https:\/\/teresaberlinck.com.br\/?s={search_term_string}\"},\"query-input\":{\"@type\":\"PropertyValueSpecification\",\"valueRequired\":true,\"valueName\":\"search_term_string\"}}],\"inLanguage\":\"en-US\"},{\"@type\":[\"Person\",\"Organization\"],\"@id\":\"https:\/\/teresaberlinck.com.br\/#\/schema\/person\/c0d93e04b3410f3fdbc5df1fdb84092c\",\"name\":\"Teresa Berlinck\",\"image\":{\"@type\":\"ImageObject\",\"inLanguage\":\"en-US\",\"@id\":\"https:\/\/teresaberlinck.com.br\/#\/schema\/person\/image\/\",\"url\":\"https:\/\/teresaberlinck.com.br\/wp-content\/uploads\/2020\/12\/Logo-Teresa-Berlinck.svg\",\"contentUrl\":\"https:\/\/teresaberlinck.com.br\/wp-content\/uploads\/2020\/12\/Logo-Teresa-Berlinck.svg\",\"width\":\"1024\",\"height\":\"1024\",\"caption\":\"Teresa Berlinck\"},\"logo\":{\"@id\":\"https:\/\/teresaberlinck.com.br\/#\/schema\/person\/image\/\"},\"sameAs\":[\"https:\/\/teresaberlinck.com.br\"]}]}<\/script>\n<!-- \/ Yoast SEO plugin. -->","yoast_head_json":{"title":"Sobre - Teresa Berlinck","description":"Artista Visual Brasil \/ Artista Pl\u00e1stica Brasil \/ Arte contempor\u00e2nea Brasil \/ Visual Art Brazil \/ Contemporary Art Brazil","robots":{"index":"index","follow":"follow","max-snippet":"max-snippet:-1","max-image-preview":"max-image-preview:large","max-video-preview":"max-video-preview:-1"},"canonical":"https:\/\/teresaberlinck.com.br\/en\/curriculo\/","og_locale":"en_US","og_type":"article","og_title":"Sobre - Teresa Berlinck","og_description":"Artista Visual Brasil \/ Artista Pl\u00e1stica Brasil \/ Arte contempor\u00e2nea Brasil \/ Visual Art Brazil \/ Contemporary Art Brazil","og_url":"https:\/\/teresaberlinck.com.br\/en\/curriculo\/","og_site_name":"Teresa Berlinck","article_modified_time":"2026-04-07T20:58:50+00:00","twitter_card":"summary_large_image","twitter_misc":{"Est. reading time":"7 minutes"},"schema":{"@context":"https:\/\/schema.org","@graph":[{"@type":"WebPage","@id":"https:\/\/teresaberlinck.com.br\/curriculo\/","url":"https:\/\/teresaberlinck.com.br\/curriculo\/","name":"Sobre - Teresa Berlinck","isPartOf":{"@id":"https:\/\/teresaberlinck.com.br\/#website"},"datePublished":"2021-03-27T17:47:54+00:00","dateModified":"2026-04-07T20:58:50+00:00","description":"Artista Visual Brasil \/ Artista Pl\u00e1stica Brasil \/ Arte contempor\u00e2nea Brasil \/ Visual Art Brazil \/ Contemporary Art Brazil","breadcrumb":{"@id":"https:\/\/teresaberlinck.com.br\/curriculo\/#breadcrumb"},"inLanguage":"en-US","potentialAction":[{"@type":"ReadAction","target":["https:\/\/teresaberlinck.com.br\/curriculo\/"]}]},{"@type":"BreadcrumbList","@id":"https:\/\/teresaberlinck.com.br\/curriculo\/#breadcrumb","itemListElement":[{"@type":"ListItem","position":1,"name":"In\u00edcio","item":"https:\/\/teresaberlinck.com.br\/"},{"@type":"ListItem","position":2,"name":"Sobre"}]},{"@type":"WebSite","@id":"https:\/\/teresaberlinck.com.br\/#website","url":"https:\/\/teresaberlinck.com.br\/","name":"Teresa Berlinck","description":"Artista Pl\u00e1stica","publisher":{"@id":"https:\/\/teresaberlinck.com.br\/#\/schema\/person\/c0d93e04b3410f3fdbc5df1fdb84092c"},"potentialAction":[{"@type":"SearchAction","target":{"@type":"EntryPoint","urlTemplate":"https:\/\/teresaberlinck.com.br\/?s={search_term_string}"},"query-input":{"@type":"PropertyValueSpecification","valueRequired":true,"valueName":"search_term_string"}}],"inLanguage":"en-US"},{"@type":["Person","Organization"],"@id":"https:\/\/teresaberlinck.com.br\/#\/schema\/person\/c0d93e04b3410f3fdbc5df1fdb84092c","name":"Teresa Berlinck","image":{"@type":"ImageObject","inLanguage":"en-US","@id":"https:\/\/teresaberlinck.com.br\/#\/schema\/person\/image\/","url":"https:\/\/teresaberlinck.com.br\/wp-content\/uploads\/2020\/12\/Logo-Teresa-Berlinck.svg","contentUrl":"https:\/\/teresaberlinck.com.br\/wp-content\/uploads\/2020\/12\/Logo-Teresa-Berlinck.svg","width":"1024","height":"1024","caption":"Teresa Berlinck"},"logo":{"@id":"https:\/\/teresaberlinck.com.br\/#\/schema\/person\/image\/"},"sameAs":["https:\/\/teresaberlinck.com.br"]}]}},"_links":{"self":[{"href":"https:\/\/teresaberlinck.com.br\/en\/wp-json\/wp\/v2\/pages\/1586","targetHints":{"allow":["GET"]}}],"collection":[{"href":"https:\/\/teresaberlinck.com.br\/en\/wp-json\/wp\/v2\/pages"}],"about":[{"href":"https:\/\/teresaberlinck.com.br\/en\/wp-json\/wp\/v2\/types\/page"}],"author":[{"embeddable":true,"href":"https:\/\/teresaberlinck.com.br\/en\/wp-json\/wp\/v2\/users\/1"}],"replies":[{"embeddable":true,"href":"https:\/\/teresaberlinck.com.br\/en\/wp-json\/wp\/v2\/comments?post=1586"}],"version-history":[{"count":43,"href":"https:\/\/teresaberlinck.com.br\/en\/wp-json\/wp\/v2\/pages\/1586\/revisions"}],"predecessor-version":[{"id":2601,"href":"https:\/\/teresaberlinck.com.br\/en\/wp-json\/wp\/v2\/pages\/1586\/revisions\/2601"}],"wp:attachment":[{"href":"https:\/\/teresaberlinck.com.br\/en\/wp-json\/wp\/v2\/media?parent=1586"}],"curies":[{"name":"wp","href":"https:\/\/api.w.org\/{rel}","templated":true}]}}